{"id":5296,"date":"2024-06-02T09:34:21","date_gmt":"2024-06-02T09:34:21","guid":{"rendered":"https:\/\/www.reachwebmarketing.io\/?page_id=5296"},"modified":"2024-06-02T10:44:26","modified_gmt":"2024-06-02T10:44:26","slug":"thank-you-page","status":"publish","type":"page","link":"https:\/\/www.reachwebmarketing.io\/en\/thank-you-page\/","title":{"rendered":"Thank you page"},"content":{"rendered":"<div data-elementor-type=\"wp-page\" data-elementor-id=\"5296\" class=\"elementor elementor-5296\" data-elementor-post-type=\"page\">\n\t\t\t\t\t\t<section class=\"elementor-section elementor-top-section elementor-element elementor-element-1189b534 elementor-section-full_width elementor-section-height-default elementor-section-height-default\" data-id=\"1189b534\" data-element_type=\"section\" data-settings=\"{&quot;background_background&quot;:&quot;classic&quot;}\">\n\t\t\t\t\t\t\t<div class=\"elementor-background-overlay\"><\/div>\n\t\t\t\t\t\t\t<div class=\"elementor-container elementor-column-gap-no\">\n\t\t\t\t\t<div class=\"elementor-column elementor-col-100 elementor-top-column elementor-element elementor-element-2da8fff8\" data-id=\"2da8fff8\" data-element_type=\"column\" data-settings=\"{&quot;background_background&quot;:&quot;classic&quot;}\">\n\t\t\t<div class=\"elementor-widget-wrap elementor-element-populated\">\n\t\t\t\t\t\t<div class=\"elementor-element elementor-element-bad01db de_scroll_animation_no elementor-widget elementor-widget-heading\" data-id=\"bad01db\" data-element_type=\"widget\" data-widget_type=\"heading.default\">\n\t\t\t\t<div class=\"elementor-widget-container\">\n\t\t\t\t\t<h2 class=\"elementor-heading-title elementor-size-default\">Merci pour votre demande !<\/h2>\t\t\t\t<\/div>\n\t\t\t\t<\/div>\n\t\t\t\t<div class=\"elementor-element elementor-element-d4acc9d de_scroll_animation_no elementor-widget elementor-widget-text-editor\" data-id=\"d4acc9d\" data-element_type=\"widget\" data-widget_type=\"text-editor.default\">\n\t\t\t\t<div class=\"elementor-widget-container\">\n\t\t\t\t\t\t\t\t\t<p>Nous avons bien re\u00e7u votre message et nous vous contacterons dans les plus brefs d\u00e9lais. En attendant, n&rsquo;h\u00e9sitez pas \u00e0 explorer nos services pour d\u00e9couvrir comment nous pouvons vous aider \u00e0 d\u00e9velopper vos revenus en ligne.<\/p>\t\t\t\t\t\t\t\t<\/div>\n\t\t\t\t<\/div>\n\t\t\t\t<div class=\"elementor-element elementor-element-61f26b2 elementor-align-center elementor-tablet-align-center de_scroll_animation_no elementor-widget elementor-widget-button\" data-id=\"61f26b2\" data-element_type=\"widget\" data-widget_type=\"button.default\">\n\t\t\t\t<div class=\"elementor-widget-container\">\n\t\t\t\t\t\t\t\t\t<div class=\"elementor-button-wrapper\">\n\t\t\t\t\t<a class=\"elementor-button elementor-button-link elementor-size-sm\" href=\"https:\/\/www.reachwebmarketing.io\/en\/\">\n\t\t\t\t\t\t<span class=\"elementor-button-content-wrapper\">\n\t\t\t\t\t\t\t\t\t<span class=\"elementor-button-text\">Page d'accueil<\/span>\n\t\t\t\t\t<\/span>\n\t\t\t\t\t<\/a>\n\t\t\t\t<\/div>\n\t\t\t\t\t\t\t\t<\/div>\n\t\t\t\t<\/div>\n\t\t\t\t\t<\/div>\n\t\t<\/div>\n\t\t\t\t\t<\/div>\n\t\t<\/section>\n\t\t\t\t<\/div>","protected":false},"excerpt":{"rendered":"<p>Merci pour votre demande ! Nous avons bien re\u00e7u votre message et nous vous contacterons dans les plus brefs d\u00e9lais. En attendant, n&rsquo;h\u00e9sitez pas \u00e0 explorer nos services pour d\u00e9couvrir comment nous pouvons vous aider \u00e0 d\u00e9velopper vos revenus en ligne. Page d&rsquo;accueil<\/p>","protected":false},"author":1,"featured_media":0,"parent":0,"menu_order":0,"comment_status":"closed","ping_status":"closed","template":"elementor_header_footer","meta":{"footnotes":""},"class_list":["post-5296","page","type-page","status-publish","hentry"],"yoast_head":"<!-- This site is optimized with the Yoast SEO plugin v26.4 - https:\/\/yoast.com\/wordpress\/plugins\/seo\/ -->\n<title>Thank you page - Reach Web Marketing<\/title>\n<meta name=\"robots\" content=\"index, follow, max-snippet:-1, max-image-preview:large, max-video-preview:-1\" \/>\n<link rel=\"canonical\" href=\"https:\/\/www.reachwebmarketing.io\/en\/thank-you-page\/\" \/>\n<meta property=\"og:locale\" content=\"en_GB\" \/>\n<meta property=\"og:type\" content=\"article\" \/>\n<meta property=\"og:title\" content=\"Thank you page - Reach Web Marketing\" \/>\n<meta property=\"og:description\" content=\"Merci pour votre demande ! Nous avons bien re\u00e7u votre message et nous vous contacterons dans les plus brefs d\u00e9lais. En attendant, n&rsquo;h\u00e9sitez pas \u00e0 explorer nos services pour d\u00e9couvrir comment nous pouvons vous aider \u00e0 d\u00e9velopper vos revenus en ligne. Page d&rsquo;accueil\" \/>\n<meta property=\"og:url\" content=\"https:\/\/www.reachwebmarketing.io\/en\/thank-you-page\/\" \/>\n<meta property=\"og:site_name\" content=\"Reach Web Marketing\" \/>\n<meta property=\"article:modified_time\" content=\"2024-06-02T10:44:26+00:00\" \/>\n<meta name=\"twitter:card\" content=\"summary_large_image\" \/>\n<script type=\"application\/ld+json\" class=\"yoast-schema-graph\">{\"@context\":\"https:\/\/schema.org\",\"@graph\":[{\"@type\":\"WebPage\",\"@id\":\"https:\/\/www.reachwebmarketing.io\/thank-you-page\/\",\"url\":\"https:\/\/www.reachwebmarketing.io\/thank-you-page\/\",\"name\":\"Thank you page - Reach Web Marketing\",\"isPartOf\":{\"@id\":\"https:\/\/www.reachwebmarketing.io\/#website\"},\"datePublished\":\"2024-06-02T09:34:21+00:00\",\"dateModified\":\"2024-06-02T10:44:26+00:00\",\"breadcrumb\":{\"@id\":\"https:\/\/www.reachwebmarketing.io\/thank-you-page\/#breadcrumb\"},\"inLanguage\":\"en-GB\",\"potentialAction\":[{\"@type\":\"ReadAction\",\"target\":[\"https:\/\/www.reachwebmarketing.io\/thank-you-page\/\"]}]},{\"@type\":\"BreadcrumbList\",\"@id\":\"https:\/\/www.reachwebmarketing.io\/thank-you-page\/#breadcrumb\",\"itemListElement\":[{\"@type\":\"ListItem\",\"position\":1,\"name\":\"Accueil\",\"item\":\"https:\/\/www.reachwebmarketing.io\/\"},{\"@type\":\"ListItem\",\"position\":2,\"name\":\"Thank you page\"}]},{\"@type\":\"WebSite\",\"@id\":\"https:\/\/www.reachwebmarketing.io\/#website\",\"url\":\"https:\/\/www.reachwebmarketing.io\/\",\"name\":\"Reach Web Marketing\",\"description\":\"Agence de marketing digital \u2013 Ads, SEO, Apps, Plateforme &amp; Branding pour booster votre croissance\",\"potentialAction\":[{\"@type\":\"SearchAction\",\"target\":{\"@type\":\"EntryPoint\",\"urlTemplate\":\"https:\/\/www.reachwebmarketing.io\/?s={search_term_string}\"},\"query-input\":{\"@type\":\"PropertyValueSpecification\",\"valueRequired\":true,\"valueName\":\"search_term_string\"}}],\"inLanguage\":\"en-GB\"}]}<\/script>\n<!-- \/ Yoast SEO plugin. -->","yoast_head_json":{"title":"Thank you page - Reach Web Marketing","robots":{"index":"index","follow":"follow","max-snippet":"max-snippet:-1","max-image-preview":"max-image-preview:large","max-video-preview":"max-video-preview:-1"},"canonical":"https:\/\/www.reachwebmarketing.io\/en\/thank-you-page\/","og_locale":"en_GB","og_type":"article","og_title":"Thank you page - Reach Web Marketing","og_description":"Merci pour votre demande ! Nous avons bien re\u00e7u votre message et nous vous contacterons dans les plus brefs d\u00e9lais. En attendant, n&rsquo;h\u00e9sitez pas \u00e0 explorer nos services pour d\u00e9couvrir comment nous pouvons vous aider \u00e0 d\u00e9velopper vos revenus en ligne. Page d&rsquo;accueil","og_url":"https:\/\/www.reachwebmarketing.io\/en\/thank-you-page\/","og_site_name":"Reach Web Marketing","article_modified_time":"2024-06-02T10:44:26+00:00","twitter_card":"summary_large_image","schema":{"@context":"https:\/\/schema.org","@graph":[{"@type":"WebPage","@id":"https:\/\/www.reachwebmarketing.io\/thank-you-page\/","url":"https:\/\/www.reachwebmarketing.io\/thank-you-page\/","name":"Thank you page - Reach Web Marketing","isPartOf":{"@id":"https:\/\/www.reachwebmarketing.io\/#website"},"datePublished":"2024-06-02T09:34:21+00:00","dateModified":"2024-06-02T10:44:26+00:00","breadcrumb":{"@id":"https:\/\/www.reachwebmarketing.io\/thank-you-page\/#breadcrumb"},"inLanguage":"en-GB","potentialAction":[{"@type":"ReadAction","target":["https:\/\/www.reachwebmarketing.io\/thank-you-page\/"]}]},{"@type":"BreadcrumbList","@id":"https:\/\/www.reachwebmarketing.io\/thank-you-page\/#breadcrumb","itemListElement":[{"@type":"ListItem","position":1,"name":"Accueil","item":"https:\/\/www.reachwebmarketing.io\/"},{"@type":"ListItem","position":2,"name":"Thank you page"}]},{"@type":"WebSite","@id":"https:\/\/www.reachwebmarketing.io\/#website","url":"https:\/\/www.reachwebmarketing.io\/","name":"Reach Web Marketing","description":"Agence de marketing digital \u2013 Ads, SEO, Apps, Plateforme &amp; Branding pour booster votre croissance","potentialAction":[{"@type":"SearchAction","target":{"@type":"EntryPoint","urlTemplate":"https:\/\/www.reachwebmarketing.io\/?s={search_term_string}"},"query-input":{"@type":"PropertyValueSpecification","valueRequired":true,"valueName":"search_term_string"}}],"inLanguage":"en-GB"}]}},"_links":{"self":[{"href":"https:\/\/www.reachwebmarketing.io\/en\/wp-json\/wp\/v2\/pages\/5296","targetHints":{"allow":["GET"]}}],"collection":[{"href":"https:\/\/www.reachwebmarketing.io\/en\/wp-json\/wp\/v2\/pages"}],"about":[{"href":"https:\/\/www.reachwebmarketing.io\/en\/wp-json\/wp\/v2\/types\/page"}],"author":[{"embeddable":true,"href":"https:\/\/www.reachwebmarketing.io\/en\/wp-json\/wp\/v2\/users\/1"}],"replies":[{"embeddable":true,"href":"https:\/\/www.reachwebmarketing.io\/en\/wp-json\/wp\/v2\/comments?post=5296"}],"version-history":[{"count":0,"href":"https:\/\/www.reachwebmarketing.io\/en\/wp-json\/wp\/v2\/pages\/5296\/revisions"}],"wp:attachment":[{"href":"https:\/\/www.reachwebmarketing.io\/en\/wp-json\/wp\/v2\/media?parent=5296"}],"curies":[{"name":"wp","href":"https:\/\/api.w.org\/{rel}","templated":true}]}}