{"id":3955,"date":"2024-05-16T10:57:36","date_gmt":"2024-05-16T10:57:36","guid":{"rendered":"https:\/\/www.reachwebmarketing.io\/?page_id=3955"},"modified":"2025-11-21T14:35:23","modified_gmt":"2025-11-21T14:35:23","slug":"portfolio","status":"publish","type":"page","link":"https:\/\/www.reachwebmarketing.io\/fr\/portfolio\/","title":{"rendered":"Portfolio"},"content":{"rendered":"\t\t<div data-elementor-type=\"wp-page\" data-elementor-id=\"3955\" class=\"elementor elementor-3955\" data-elementor-post-type=\"page\">\n\t\t\t\t\t\t<section class=\"elementor-section elementor-top-section elementor-element elementor-element-29e483e1 elementor-section-boxed elementor-section-height-default elementor-section-height-default\" data-id=\"29e483e1\" data-element_type=\"section\">\n\t\t\t\t\t\t<div class=\"elementor-container elementor-column-gap-default\">\n\t\t\t\t\t<div class=\"elementor-column elementor-col-100 elementor-top-column elementor-element elementor-element-6cb92f5\" data-id=\"6cb92f5\" data-element_type=\"column\">\n\t\t\t<div class=\"elementor-widget-wrap elementor-element-populated\">\n\t\t\t\t\t\t<div class=\"elementor-element elementor-element-6f3b888 de_scroll_animation_no elementor-widget elementor-widget-heading\" data-id=\"6f3b888\" data-element_type=\"widget\" data-widget_type=\"heading.default\">\n\t\t\t\t<div class=\"elementor-widget-container\">\n\t\t\t\t\t<h6 class=\"elementor-heading-title elementor-size-default\">REACH WEB MARKETING PORTFOLIO<\/h6>\t\t\t\t<\/div>\n\t\t\t\t<\/div>\n\t\t\t\t<div class=\"elementor-element elementor-element-21302c7d de_scroll_animation_no elementor-widget elementor-widget-heading\" data-id=\"21302c7d\" data-element_type=\"widget\" data-widget_type=\"heading.default\">\n\t\t\t\t<div class=\"elementor-widget-container\">\n\t\t\t\t\t<h2 class=\"elementor-heading-title elementor-size-default\">Votre Succ\u00e8s Digital Commence Ici !<\/h2>\t\t\t\t<\/div>\n\t\t\t\t<\/div>\n\t\t\t\t<div class=\"elementor-element elementor-element-7d71ed96 de_scroll_animation_no elementor-widget elementor-widget-text-editor\" data-id=\"7d71ed96\" data-element_type=\"widget\" data-widget_type=\"text-editor.default\">\n\t\t\t\t<div class=\"elementor-widget-container\">\n\t\t\t\t\t\t\t\t\t<p>Bienvenue dans le portfolio de notre agence Reach Web Marketing, o\u00f9 chaque collaboration illustre notre engagement envers l\u2019excellence et l\u2019innovation. D\u00e9couvrez nos r\u00e9alisations pour comprendre comment nous transformons chaque d\u00e9fi en succ\u00e8s mesurable.<\/p>\t\t\t\t\t\t\t\t<\/div>\n\t\t\t\t<\/div>\n\t\t\t\t\t<\/div>\n\t\t<\/div>\n\t\t\t\t\t<\/div>\n\t\t<\/section>\n\t\t<div class=\"elementor-element elementor-element-1a70822 e-flex e-con-boxed e-con e-parent\" data-id=\"1a70822\" data-element_type=\"container\">\n\t\t\t\t\t<div class=\"e-con-inner\">\n\t\t\t\t<div class=\"elementor-element elementor-element-84bc937 elementor-widget-divider--view-line de_scroll_animation_no elementor-widget elementor-widget-divider\" data-id=\"84bc937\" data-element_type=\"widget\" data-widget_type=\"divider.default\">\n\t\t\t\t<div class=\"elementor-widget-container\">\n\t\t\t\t\t\t\t<div class=\"elementor-divider\">\n\t\t\t<span class=\"elementor-divider-separator\">\n\t\t\t\t\t\t<\/span>\n\t\t<\/div>\n\t\t\t\t\t\t<\/div>\n\t\t\t\t<\/div>\n\t\t\t\t\t<\/div>\n\t\t\t\t<\/div>\n\t\t<div class=\"elementor-element elementor-element-e07e3c2 e-flex e-con-boxed e-con e-parent\" data-id=\"e07e3c2\" data-element_type=\"container\">\n\t\t\t\t\t<div class=\"e-con-inner\">\n\t\t\t\t<div class=\"elementor-element elementor-element-54a693a elementor-headline--style-rotate elementor-widget elementor-widget-animated-headline\" data-id=\"54a693a\" data-element_type=\"widget\" data-settings=\"{&quot;headline_style&quot;:&quot;rotate&quot;,&quot;rotating_text&quot;:&quot;en cliquant sur les photos&quot;,&quot;rotate_iteration_delay&quot;:3000,&quot;animation_type&quot;:&quot;typing&quot;,&quot;loop&quot;:&quot;yes&quot;}\" data-widget_type=\"animated-headline.default\">\n\t\t\t\t<div class=\"elementor-widget-container\">\n\t\t\t\t\t\t\t<h3 class=\"elementor-headline elementor-headline-animation-type-typing elementor-headline-letters\">\n\t\t\t\t\t<span class=\"elementor-headline-plain-text elementor-headline-text-wrapper\">D\u00e9couvrez nos collaborations <\/span>\n\t\t\t\t<span class=\"elementor-headline-dynamic-wrapper elementor-headline-text-wrapper\">\n\t\t\t\t\t<span class=\"elementor-headline-dynamic-text elementor-headline-text-active\">\n\t\t\t\ten&nbsp;cliquant&nbsp;sur&nbsp;les&nbsp;photos\t\t\t<\/span>\n\t\t\t\t\t\t<\/span>\n\t\t\t\t<\/h3>\n\t\t\t\t\t\t<\/div>\n\t\t\t\t<\/div>\n\t\t\t\t\t<\/div>\n\t\t\t\t<\/div>\n\t\t<div class=\"elementor-element elementor-element-ef126ac e-flex e-con-boxed e-con e-parent\" data-id=\"ef126ac\" data-element_type=\"container\" data-settings=\"{&quot;background_background&quot;:&quot;classic&quot;}\">\n\t\t\t\t\t<div class=\"e-con-inner\">\n\t\t\t\t<div class=\"elementor-element elementor-element-fea5de2 e-transform de_scroll_animation_no elementor-widget elementor-widget-elpug\" data-id=\"fea5de2\" data-element_type=\"widget\" data-settings=\"{&quot;_transform_scale_effect&quot;:{&quot;unit&quot;:&quot;px&quot;,&quot;size&quot;:&quot;&quot;,&quot;sizes&quot;:[]},&quot;_transform_scale_effect_tablet&quot;:{&quot;unit&quot;:&quot;px&quot;,&quot;size&quot;:&quot;&quot;,&quot;sizes&quot;:[]},&quot;_transform_scale_effect_mobile&quot;:{&quot;unit&quot;:&quot;px&quot;,&quot;size&quot;:&quot;&quot;,&quot;sizes&quot;:[]}}\" data-widget_type=\"elpug.default\">\n\t\t\t\t<div class=\"elementor-widget-container\">\n\t\t\t\t\t\t\t\n\t\n\t\t<input id=\"powerfolio_pagination_postsperpage\" type=\"hidden\" value=\"\" \/><div class=\"elpt-portfolio elpt_powerfolio_84552\"><div class=\"elpt-portfolio-filter\"><button class=\"portfolio-filter-item item-active\" data-filter=\"*\" style=\"background-color:\">All<\/button><button class=\"portfolio-filter-item\" style=\"background-color:\" data-filter=\".elemenfoliocategory-application-mobile\">Application Mobile<\/button><button class=\"portfolio-filter-item\" style=\"background-color:\" data-filter=\".elemenfoliocategory-branding\">Branding<\/button><button class=\"portfolio-filter-item\" style=\"background-color:\" data-filter=\".elemenfoliocategory-contenu-numerique\">Contenu Num\u00e9rique<\/button><button class=\"portfolio-filter-item\" style=\"background-color:\" data-filter=\".elemenfoliocategory-developpement-web\">D\u00e9veloppement Web<\/button><button class=\"portfolio-filter-item\" style=\"background-color:\" data-filter=\".elemenfoliocategory-search-engine-advertising\">SEA<\/button><button class=\"portfolio-filter-item\" style=\"background-color:\" data-filter=\".elemenfoliocategory-search-engine-optimisation\">SEO<\/button><button class=\"portfolio-filter-item\" style=\"background-color:\" data-filter=\".elemenfoliocategory-strategie-marketing\">Strat\u00e9gie Marketing<\/button><\/div><div class=\"elpt-portfolio-content elpt-portfolio-content-isotope elpt-portfolio-style-box  hover2 elpt-portfolio-columns-3  elpt-portfolio-margin\"><div class=\"portfolio-item-wrapper 3971 post-3955 page type-page status-publish hentry elemenfoliocategory-application-mobile elemenfoliocategory-branding elemenfoliocategory-contenu-numerique elemenfoliocategory-developpement-web elemenfoliocategory-search-engine-advertising elemenfoliocategory-search-engine-optimisation elemenfoliocategory-strategie-marketing\"><a href=\"https:\/\/www.reachwebmarketing.io\/fr\/portfolio\/coach-nation\/\" class=\"portfolio-item \" style=\"background-image: url(https:\/\/www.reachwebmarketing.io\/wp-content\/uploads\/2024\/05\/CN_personaltraining.jpeg)\" title=\"Coach Nation\"><img decoding=\"async\" src=\"https:\/\/www.reachwebmarketing.io\/wp-content\/uploads\/2024\/05\/CN_personaltraining.jpeg\" class=\"elpt-main-image\" title=\"Coach Nation\" alt=\"Coach Nation\" \/><div class=\"portfolio-item-infos-wrapper\" style=\"background-color:\"><div class=\"portfolio-item-infos\"><div class=\"portfolio-item-title\"><span class=\"portfolio-item-title-span\">Coach Nation<\/span><\/div><div class=\"portfolio-item-category\"><span class=\"elpt-portfolio-cat\">Application Mobile<\/span><span class=\"elpt-portfolio-cat\">Branding<\/span><span class=\"elpt-portfolio-cat\">Contenu Num\u00e9rique<\/span><span class=\"elpt-portfolio-cat\">D\u00e9veloppement Web<\/span><span class=\"elpt-portfolio-cat\">SEA<\/span><span class=\"elpt-portfolio-cat\">SEO<\/span><span class=\"elpt-portfolio-cat\">Strat\u00e9gie Marketing<\/span><\/div><\/div><\/div><\/a><\/div><div class=\"portfolio-item-wrapper 3979 post-3955 page type-page status-publish hentry elemenfoliocategory-branding elemenfoliocategory-contenu-numerique elemenfoliocategory-developpement-web elemenfoliocategory-search-engine-advertising elemenfoliocategory-search-engine-optimisation elemenfoliocategory-strategie-marketing\"><a href=\"https:\/\/www.reachwebmarketing.io\/fr\/portfolio\/airfood-catering\/\" class=\"portfolio-item \" style=\"background-image: url(https:\/\/www.reachwebmarketing.io\/wp-content\/uploads\/2025\/09\/AirfoodCateringTeam-.webp)\" title=\"Airfood Catering\"><img decoding=\"async\" src=\"https:\/\/www.reachwebmarketing.io\/wp-content\/uploads\/2025\/09\/AirfoodCateringTeam-.webp\" class=\"elpt-main-image\" title=\"Airfood Catering\" alt=\"Airfood Catering\" \/><div class=\"portfolio-item-infos-wrapper\" style=\"background-color:\"><div class=\"portfolio-item-infos\"><div class=\"portfolio-item-title\"><span class=\"portfolio-item-title-span\">Airfood Catering<\/span><\/div><div class=\"portfolio-item-category\"><span class=\"elpt-portfolio-cat\">Branding<\/span><span class=\"elpt-portfolio-cat\">Contenu Num\u00e9rique<\/span><span class=\"elpt-portfolio-cat\">D\u00e9veloppement Web<\/span><span class=\"elpt-portfolio-cat\">SEA<\/span><span class=\"elpt-portfolio-cat\">SEO<\/span><span class=\"elpt-portfolio-cat\">Strat\u00e9gie Marketing<\/span><\/div><\/div><\/div><\/a><\/div><div class=\"portfolio-item-wrapper 3977 post-3955 page type-page status-publish hentry elemenfoliocategory-contenu-numerique elemenfoliocategory-developpement-web elemenfoliocategory-search-engine-advertising elemenfoliocategory-search-engine-optimisation elemenfoliocategory-strategie-marketing\"><a href=\"https:\/\/www.reachwebmarketing.io\/fr\/portfolio\/ara-creative\/\" class=\"portfolio-item \" style=\"background-image: url(https:\/\/www.reachwebmarketing.io\/wp-content\/uploads\/2025\/09\/Enfant_coloriagegonflable.webp)\" title=\"Ara Creative\"><img decoding=\"async\" src=\"https:\/\/www.reachwebmarketing.io\/wp-content\/uploads\/2025\/09\/Enfant_coloriagegonflable.webp\" class=\"elpt-main-image\" title=\"Ara Creative\" alt=\"Ara Creative\" \/><div class=\"portfolio-item-infos-wrapper\" style=\"background-color:\"><div class=\"portfolio-item-infos\"><div class=\"portfolio-item-title\"><span class=\"portfolio-item-title-span\">Ara Creative<\/span><\/div><div class=\"portfolio-item-category\"><span class=\"elpt-portfolio-cat\">Contenu Num\u00e9rique<\/span><span class=\"elpt-portfolio-cat\">D\u00e9veloppement Web<\/span><span class=\"elpt-portfolio-cat\">SEA<\/span><span class=\"elpt-portfolio-cat\">SEO<\/span><span class=\"elpt-portfolio-cat\">Strat\u00e9gie Marketing<\/span><\/div><\/div><\/div><\/a><\/div><\/div><\/div>\t\t\n\n\t\t\t\n\n\t\t\t\n\n\t\t\t\t\t\t<\/div>\n\t\t\t\t<\/div>\n\t\t\t\t\t<\/div>\n\t\t\t\t<\/div>\n\t\t\t\t<section class=\"elementor-section elementor-top-section elementor-element elementor-element-1727eec7 elementor-section-boxed elementor-section-height-default elementor-section-height-default\" data-id=\"1727eec7\" data-element_type=\"section\" data-settings=\"{&quot;background_background&quot;:&quot;classic&quot;}\">\n\t\t\t\t\t\t\t<div class=\"elementor-background-overlay\"><\/div>\n\t\t\t\t\t\t\t<div class=\"elementor-container elementor-column-gap-default\">\n\t\t\t\t\t<div class=\"elementor-column elementor-col-50 elementor-top-column elementor-element elementor-element-68475f33\" data-id=\"68475f33\" data-element_type=\"column\">\n\t\t\t<div class=\"elementor-widget-wrap elementor-element-populated\">\n\t\t\t\t\t\t<div class=\"elementor-element elementor-element-6ff08446 de_scroll_animation_no elementor-widget elementor-widget-heading\" data-id=\"6ff08446\" data-element_type=\"widget\" data-widget_type=\"heading.default\">\n\t\t\t\t<div class=\"elementor-widget-container\">\n\t\t\t\t\t<h1 class=\"elementor-heading-title elementor-size-default\">Attirez de nouveaux clients d\u00e8s aujourd'hui <\/h1>\t\t\t\t<\/div>\n\t\t\t\t<\/div>\n\t\t\t\t<div class=\"elementor-element elementor-element-5c4eee0d de_scroll_animation_no elementor-widget elementor-widget-text-editor\" data-id=\"5c4eee0d\" data-element_type=\"widget\" data-widget_type=\"text-editor.default\">\n\t\t\t\t<div class=\"elementor-widget-container\">\n\t\t\t\t\t\t\t\t\t<p>Faites le choix d\u00e8s maintenant de maximiser votre potentiel de croissance gr\u00e2ce \u00e0 notre expertise en marketing digital.<\/p>\t\t\t\t\t\t\t\t<\/div>\n\t\t\t\t<\/div>\n\t\t\t\t<div class=\"elementor-element elementor-element-7e3cabae elementor-mobile-align-center de_scroll_animation_no elementor-widget elementor-widget-button\" data-id=\"7e3cabae\" data-element_type=\"widget\" data-widget_type=\"button.default\">\n\t\t\t\t<div class=\"elementor-widget-container\">\n\t\t\t\t\t\t\t\t\t<div class=\"elementor-button-wrapper\">\n\t\t\t\t\t<a class=\"elementor-button elementor-button-link elementor-size-lg\" href=\"https:\/\/www.reachwebmarketing.io\/contact\/\">\n\t\t\t\t\t\t<span class=\"elementor-button-content-wrapper\">\n\t\t\t\t\t\t\t\t\t<span class=\"elementor-button-text\">Contactez-nous<\/span>\n\t\t\t\t\t<\/span>\n\t\t\t\t\t<\/a>\n\t\t\t\t<\/div>\n\t\t\t\t\t\t\t\t<\/div>\n\t\t\t\t<\/div>\n\t\t\t\t\t<\/div>\n\t\t<\/div>\n\t\t\t\t<div class=\"elementor-column elementor-col-50 elementor-top-column elementor-element elementor-element-1e39fd43\" data-id=\"1e39fd43\" data-element_type=\"column\">\n\t\t\t<div class=\"elementor-widget-wrap elementor-element-populated\">\n\t\t\t\t\t\t<div class=\"elementor-element elementor-element-6ef53d53 de_scroll_animation_no elementor-widget elementor-widget-image\" data-id=\"6ef53d53\" data-element_type=\"widget\" data-widget_type=\"image.default\">\n\t\t\t\t<div class=\"elementor-widget-container\">\n\t\t\t\t\t\t\t\t\t\t\t\t\t\t\t<img fetchpriority=\"high\" decoding=\"async\" width=\"1333\" height=\"2000\" src=\"https:\/\/www.reachwebmarketing.io\/wp-content\/uploads\/2025\/09\/reachwebmarketing-strategy-meeting-client.webp\" class=\"attachment-full size-full wp-image-6998\" alt=\"R\u00e9union d\u2019\u00e9quipe collaborant autour d\u2019un tableau transparent pour planifier un projet.\" srcset=\"https:\/\/www.reachwebmarketing.io\/wp-content\/uploads\/2025\/09\/reachwebmarketing-strategy-meeting-client.webp 1333w, https:\/\/www.reachwebmarketing.io\/wp-content\/uploads\/2025\/09\/reachwebmarketing-strategy-meeting-client-200x300.webp 200w, https:\/\/www.reachwebmarketing.io\/wp-content\/uploads\/2025\/09\/reachwebmarketing-strategy-meeting-client-682x1024.webp 682w, https:\/\/www.reachwebmarketing.io\/wp-content\/uploads\/2025\/09\/reachwebmarketing-strategy-meeting-client-768x1152.webp 768w, https:\/\/www.reachwebmarketing.io\/wp-content\/uploads\/2025\/09\/reachwebmarketing-strategy-meeting-client-1024x1536.webp 1024w, https:\/\/www.reachwebmarketing.io\/wp-content\/uploads\/2025\/09\/reachwebmarketing-strategy-meeting-client-8x12.webp 8w\" sizes=\"(max-width: 1333px) 100vw, 1333px\" \/>\t\t\t\t\t\t\t\t\t\t\t\t\t\t\t<\/div>\n\t\t\t\t<\/div>\n\t\t\t\t\t<\/div>\n\t\t<\/div>\n\t\t\t\t\t<\/div>\n\t\t<\/section>\n\t\t\t\t<\/div>\n\t\t","protected":false},"excerpt":{"rendered":"<p>REACH WEB MARKETING PORTFOLIO Votre Succ\u00e8s Digital Commence Ici ! Bienvenue dans le portfolio de notre agence Reach Web Marketing, o\u00f9 chaque collaboration illustre notre engagement envers l\u2019excellence et l\u2019innovation. D\u00e9couvrez nos r\u00e9alisations pour comprendre comment nous transformons chaque d\u00e9fi en succ\u00e8s mesurable. D\u00e9couvrez nos collaborations en&nbsp;cliquant&nbsp;sur&nbsp;les&nbsp;photos AllApplication MobileBrandingContenu Num\u00e9riqueD\u00e9veloppement WebSEASEOStrat\u00e9gie MarketingCoach NationApplication MobileBrandingContenu Num\u00e9riqueD\u00e9veloppement [&hellip;]<\/p>\n","protected":false},"author":1,"featured_media":0,"parent":0,"menu_order":0,"comment_status":"closed","ping_status":"closed","template":"elementor_header_footer","meta":{"footnotes":""},"class_list":["post-3955","page","type-page","status-publish","hentry"],"yoast_head":"<!-- This site is optimized with the Yoast SEO plugin v26.4 - https:\/\/yoast.com\/wordpress\/plugins\/seo\/ -->\n<title>Portfolio \u2013 R\u00e9alisations Marketing Digital | Reach Web Marketing<\/title>\n<meta name=\"description\" content=\"D\u00e9couvrez notre portfolio : projets SEO, campagnes Google &amp; Meta Ads, applications et plateformes web men\u00e9s avec succ\u00e8s pour nos clients.\" \/>\n<meta name=\"robots\" content=\"index, follow, max-snippet:-1, max-image-preview:large, max-video-preview:-1\" \/>\n<link rel=\"canonical\" href=\"https:\/\/www.reachwebmarketing.io\/fr\/portfolio\/\" \/>\n<meta property=\"og:locale\" content=\"fr_FR\" \/>\n<meta property=\"og:type\" content=\"article\" \/>\n<meta property=\"og:title\" content=\"Portfolio \u2013 R\u00e9alisations Marketing Digital | Reach Web Marketing\" \/>\n<meta property=\"og:description\" content=\"D\u00e9couvrez notre portfolio : projets SEO, campagnes Google &amp; Meta Ads, applications et plateformes web men\u00e9s avec succ\u00e8s pour nos clients.\" \/>\n<meta property=\"og:url\" content=\"https:\/\/www.reachwebmarketing.io\/fr\/portfolio\/\" \/>\n<meta property=\"og:site_name\" content=\"Reach Web Marketing\" \/>\n<meta property=\"article:modified_time\" content=\"2025-11-21T14:35:23+00:00\" \/>\n<meta property=\"og:image\" content=\"https:\/\/www.reachwebmarketing.io\/wp-content\/uploads\/2024\/05\/CN_personaltraining.jpeg\" \/>\n<meta name=\"twitter:card\" content=\"summary_large_image\" \/>\n<meta name=\"twitter:label1\" content=\"Dur\u00e9e de lecture estim\u00e9e\" \/>\n\t<meta name=\"twitter:data1\" content=\"2 minutes\" \/>\n<script type=\"application\/ld+json\" class=\"yoast-schema-graph\">{\"@context\":\"https:\/\/schema.org\",\"@graph\":[{\"@type\":\"WebPage\",\"@id\":\"https:\/\/www.reachwebmarketing.io\/portfolio\/\",\"url\":\"https:\/\/www.reachwebmarketing.io\/portfolio\/\",\"name\":\"Portfolio \u2013 R\u00e9alisations Marketing Digital | Reach Web Marketing\",\"isPartOf\":{\"@id\":\"https:\/\/www.reachwebmarketing.io\/#website\"},\"primaryImageOfPage\":{\"@id\":\"https:\/\/www.reachwebmarketing.io\/portfolio\/#primaryimage\"},\"image\":{\"@id\":\"https:\/\/www.reachwebmarketing.io\/portfolio\/#primaryimage\"},\"thumbnailUrl\":\"https:\/\/www.reachwebmarketing.io\/wp-content\/uploads\/2024\/05\/CN_personaltraining.jpeg\",\"datePublished\":\"2024-05-16T10:57:36+00:00\",\"dateModified\":\"2025-11-21T14:35:23+00:00\",\"description\":\"D\u00e9couvrez notre portfolio : projets SEO, campagnes Google & Meta Ads, applications et plateformes web men\u00e9s avec succ\u00e8s pour nos clients.\",\"breadcrumb\":{\"@id\":\"https:\/\/www.reachwebmarketing.io\/portfolio\/#breadcrumb\"},\"inLanguage\":\"fr-FR\",\"potentialAction\":[{\"@type\":\"ReadAction\",\"target\":[\"https:\/\/www.reachwebmarketing.io\/portfolio\/\"]}]},{\"@type\":\"ImageObject\",\"inLanguage\":\"fr-FR\",\"@id\":\"https:\/\/www.reachwebmarketing.io\/portfolio\/#primaryimage\",\"url\":\"https:\/\/www.reachwebmarketing.io\/wp-content\/uploads\/2024\/05\/CN_personaltraining.jpeg\",\"contentUrl\":\"https:\/\/www.reachwebmarketing.io\/wp-content\/uploads\/2024\/05\/CN_personaltraining.jpeg\"},{\"@type\":\"BreadcrumbList\",\"@id\":\"https:\/\/www.reachwebmarketing.io\/portfolio\/#breadcrumb\",\"itemListElement\":[{\"@type\":\"ListItem\",\"position\":1,\"name\":\"Accueil\",\"item\":\"https:\/\/www.reachwebmarketing.io\/\"},{\"@type\":\"ListItem\",\"position\":2,\"name\":\"Portfolio\"}]},{\"@type\":\"WebSite\",\"@id\":\"https:\/\/www.reachwebmarketing.io\/#website\",\"url\":\"https:\/\/www.reachwebmarketing.io\/\",\"name\":\"Reach Web Marketing\",\"description\":\"Agence de marketing digital \u2013 Ads, SEO, Apps, Plateforme &amp; Branding pour booster votre croissance\",\"potentialAction\":[{\"@type\":\"SearchAction\",\"target\":{\"@type\":\"EntryPoint\",\"urlTemplate\":\"https:\/\/www.reachwebmarketing.io\/?s={search_term_string}\"},\"query-input\":{\"@type\":\"PropertyValueSpecification\",\"valueRequired\":true,\"valueName\":\"search_term_string\"}}],\"inLanguage\":\"fr-FR\"}]}<\/script>\n<!-- \/ Yoast SEO plugin. -->","yoast_head_json":{"title":"Portfolio \u2013 R\u00e9alisations Marketing Digital | Reach Web Marketing","description":"D\u00e9couvrez notre portfolio : projets SEO, campagnes Google & Meta Ads, applications et plateformes web men\u00e9s avec succ\u00e8s pour nos clients.","robots":{"index":"index","follow":"follow","max-snippet":"max-snippet:-1","max-image-preview":"max-image-preview:large","max-video-preview":"max-video-preview:-1"},"canonical":"https:\/\/www.reachwebmarketing.io\/fr\/portfolio\/","og_locale":"fr_FR","og_type":"article","og_title":"Portfolio \u2013 R\u00e9alisations Marketing Digital | Reach Web Marketing","og_description":"D\u00e9couvrez notre portfolio : projets SEO, campagnes Google & Meta Ads, applications et plateformes web men\u00e9s avec succ\u00e8s pour nos clients.","og_url":"https:\/\/www.reachwebmarketing.io\/fr\/portfolio\/","og_site_name":"Reach Web Marketing","article_modified_time":"2025-11-21T14:35:23+00:00","og_image":[{"url":"https:\/\/www.reachwebmarketing.io\/wp-content\/uploads\/2024\/05\/CN_personaltraining.jpeg","type":"","width":"","height":""}],"twitter_card":"summary_large_image","twitter_misc":{"Dur\u00e9e de lecture estim\u00e9e":"2 minutes"},"schema":{"@context":"https:\/\/schema.org","@graph":[{"@type":"WebPage","@id":"https:\/\/www.reachwebmarketing.io\/portfolio\/","url":"https:\/\/www.reachwebmarketing.io\/portfolio\/","name":"Portfolio \u2013 R\u00e9alisations Marketing Digital | Reach Web Marketing","isPartOf":{"@id":"https:\/\/www.reachwebmarketing.io\/#website"},"primaryImageOfPage":{"@id":"https:\/\/www.reachwebmarketing.io\/portfolio\/#primaryimage"},"image":{"@id":"https:\/\/www.reachwebmarketing.io\/portfolio\/#primaryimage"},"thumbnailUrl":"https:\/\/www.reachwebmarketing.io\/wp-content\/uploads\/2024\/05\/CN_personaltraining.jpeg","datePublished":"2024-05-16T10:57:36+00:00","dateModified":"2025-11-21T14:35:23+00:00","description":"D\u00e9couvrez notre portfolio : projets SEO, campagnes Google & Meta Ads, applications et plateformes web men\u00e9s avec succ\u00e8s pour nos clients.","breadcrumb":{"@id":"https:\/\/www.reachwebmarketing.io\/portfolio\/#breadcrumb"},"inLanguage":"fr-FR","potentialAction":[{"@type":"ReadAction","target":["https:\/\/www.reachwebmarketing.io\/portfolio\/"]}]},{"@type":"ImageObject","inLanguage":"fr-FR","@id":"https:\/\/www.reachwebmarketing.io\/portfolio\/#primaryimage","url":"https:\/\/www.reachwebmarketing.io\/wp-content\/uploads\/2024\/05\/CN_personaltraining.jpeg","contentUrl":"https:\/\/www.reachwebmarketing.io\/wp-content\/uploads\/2024\/05\/CN_personaltraining.jpeg"},{"@type":"BreadcrumbList","@id":"https:\/\/www.reachwebmarketing.io\/portfolio\/#breadcrumb","itemListElement":[{"@type":"ListItem","position":1,"name":"Accueil","item":"https:\/\/www.reachwebmarketing.io\/"},{"@type":"ListItem","position":2,"name":"Portfolio"}]},{"@type":"WebSite","@id":"https:\/\/www.reachwebmarketing.io\/#website","url":"https:\/\/www.reachwebmarketing.io\/","name":"Reach Web Marketing","description":"Agence de marketing digital \u2013 Ads, SEO, Apps, Plateforme &amp; Branding pour booster votre croissance","potentialAction":[{"@type":"SearchAction","target":{"@type":"EntryPoint","urlTemplate":"https:\/\/www.reachwebmarketing.io\/?s={search_term_string}"},"query-input":{"@type":"PropertyValueSpecification","valueRequired":true,"valueName":"search_term_string"}}],"inLanguage":"fr-FR"}]}},"_links":{"self":[{"href":"https:\/\/www.reachwebmarketing.io\/fr\/wp-json\/wp\/v2\/pages\/3955","targetHints":{"allow":["GET"]}}],"collection":[{"href":"https:\/\/www.reachwebmarketing.io\/fr\/wp-json\/wp\/v2\/pages"}],"about":[{"href":"https:\/\/www.reachwebmarketing.io\/fr\/wp-json\/wp\/v2\/types\/page"}],"author":[{"embeddable":true,"href":"https:\/\/www.reachwebmarketing.io\/fr\/wp-json\/wp\/v2\/users\/1"}],"replies":[{"embeddable":true,"href":"https:\/\/www.reachwebmarketing.io\/fr\/wp-json\/wp\/v2\/comments?post=3955"}],"version-history":[{"count":183,"href":"https:\/\/www.reachwebmarketing.io\/fr\/wp-json\/wp\/v2\/pages\/3955\/revisions"}],"predecessor-version":[{"id":7803,"href":"https:\/\/www.reachwebmarketing.io\/fr\/wp-json\/wp\/v2\/pages\/3955\/revisions\/7803"}],"wp:attachment":[{"href":"https:\/\/www.reachwebmarketing.io\/fr\/wp-json\/wp\/v2\/media?parent=3955"}],"curies":[{"name":"wp","href":"https:\/\/api.w.org\/{rel}","templated":true}]}}