{"id":4884,"date":"2024-05-29T08:02:11","date_gmt":"2024-05-29T08:02:11","guid":{"rendered":"https:\/\/www.reachwebmarketing.io\/?page_id=4884"},"modified":"2025-09-26T08:26:40","modified_gmt":"2025-09-26T08:26:40","slug":"conditions-generales-dutilisation","status":"publish","type":"page","link":"https:\/\/www.reachwebmarketing.io\/fr\/conditions-generales-dutilisation\/","title":{"rendered":"Conditions G\u00e9n\u00e9rales d&rsquo;Utilisation"},"content":{"rendered":"\t\t<div data-elementor-type=\"wp-page\" data-elementor-id=\"4884\" class=\"elementor elementor-4884\" data-elementor-post-type=\"page\">\n\t\t\t\t\t\t<section class=\"elementor-section elementor-top-section elementor-element elementor-element-7458fdfe elementor-section-boxed elementor-section-height-default elementor-section-height-default\" data-id=\"7458fdfe\" data-element_type=\"section\" data-settings=\"{&quot;background_background&quot;:&quot;classic&quot;}\">\n\t\t\t\t\t\t\t<div class=\"elementor-background-overlay\"><\/div>\n\t\t\t\t\t\t\t<div class=\"elementor-container elementor-column-gap-default\">\n\t\t\t\t\t<div class=\"elementor-column elementor-col-100 elementor-top-column elementor-element elementor-element-1a9d1c27\" data-id=\"1a9d1c27\" data-element_type=\"column\">\n\t\t\t<div class=\"elementor-widget-wrap elementor-element-populated\">\n\t\t\t\t\t\t<div class=\"elementor-element elementor-element-ec17a9c de_scroll_animation_no elementor-widget elementor-widget-heading\" data-id=\"ec17a9c\" data-element_type=\"widget\" data-widget_type=\"heading.default\">\n\t\t\t\t<div class=\"elementor-widget-container\">\n\t\t\t\t\t<h1 class=\"elementor-heading-title elementor-size-default\">Conditions G\u00e9n\u00e9rales d'Utilisation\n<\/h1>\t\t\t\t<\/div>\n\t\t\t\t<\/div>\n\t\t\t\t\t<\/div>\n\t\t<\/div>\n\t\t\t\t\t<\/div>\n\t\t<\/section>\n\t\t<div class=\"elementor-element elementor-element-0d6d028 e-flex e-con-boxed e-con e-parent\" data-id=\"0d6d028\" data-element_type=\"container\">\n\t\t\t\t\t<div class=\"e-con-inner\">\n\t\t<div class=\"elementor-element elementor-element-1a59bfc e-con-full e-flex e-con e-child\" data-id=\"1a59bfc\" data-element_type=\"container\">\n\t\t\t\t<div class=\"elementor-element elementor-element-f781645 de_scroll_animation_no elementor-widget elementor-widget-text-editor\" data-id=\"f781645\" data-element_type=\"widget\" data-widget_type=\"text-editor.default\">\n\t\t\t\t<div class=\"elementor-widget-container\">\n\t\t\t\t\t\t\t\t\t<p>1. Acceptation des conditions d\u2019utilisation<\/p><p>En acc\u00e9dant \u00e0 ce site Internet, vous acceptez les pr\u00e9sentes Conditions G\u00e9n\u00e9rales d\u2019Utilisation. Si vous n\u2019\u00eates pas d\u2019accord avec l\u2019une quelconque de ces conditions, nous vous encourageons \u00e0 quitter ce site.<\/p><p>2. Utilisation du site<\/p><p>Vous vous engagez \u00e0 utiliser ce site uniquement \u00e0 des fins l\u00e9gales et conform\u00e9ment \u00e0 toutes les lois applicables.<\/p><p>3. Propri\u00e9t\u00e9 intellectuelle<\/p><p>Tout le contenu pr\u00e9sent sur ce site, y compris, mais sans s\u2019y limiter, le texte, les images, les graphiques, les logos et les \u00e9l\u00e9ments multim\u00e9dias, est prot\u00e9g\u00e9 par des droits d\u2019auteur et d\u2019autres lois sur la propri\u00e9t\u00e9 intellectuelle. Vous n\u2019\u00eates pas autoris\u00e9 \u00e0 reproduire, distribuer, ou modifier tout contenu de ce site sans notre consentement \u00e9crit pr\u00e9alable.<\/p><p>4. Liens vers des sites tiers<\/p><p>Ce site peut contenir des liens vers des sites Internet tiers. Nous ne sommes pas responsables du contenu ou des pratiques de ces sites, et vous les visitez \u00e0 vos propres risques.<\/p><p>5. Modification des CGU<\/p><p>Nous nous r\u00e9servons le droit de modifier ces Conditions G\u00e9n\u00e9rales d\u2019Utilisation \u00e0 tout moment. Les modifications seront publi\u00e9es sur cette page, et il vous incombe de consulter r\u00e9guli\u00e8rement cette page pour prendre connaissance des mises \u00e0 jour.<\/p><p>6. Protection des donn\u00e9es personnelles<\/p><p>Nous nous engageons \u00e0 prot\u00e9ger la confidentialit\u00e9 des informations personnelles de nos utilisateurs.\u00a0<\/p>\t\t\t\t\t\t\t\t<\/div>\n\t\t\t\t<\/div>\n\t\t\t\t<\/div>\n\t\t<div class=\"elementor-element elementor-element-d3fa973 e-con-full e-flex e-con e-child\" data-id=\"d3fa973\" data-element_type=\"container\">\n\t\t\t\t<div class=\"elementor-element elementor-element-2dadd00 de_scroll_animation_no elementor-widget elementor-widget-text-editor\" data-id=\"2dadd00\" data-element_type=\"widget\" data-widget_type=\"text-editor.default\">\n\t\t\t\t<div class=\"elementor-widget-container\">\n\t\t\t\t\t\t\t\t\t<p>Les donn\u00e9es personnelles collect\u00e9es sur ce site sont utilis\u00e9es uniquement dans le cadre de la gestion des utilisateurs et des services propos\u00e9s, et pour r\u00e9pondre \u00e0 vos demandes. Nous ne partageons pas vos informations personnelles avec des tiers sans votre consentement explicite, sauf si cela est requis par la loi.<\/p><p>Vous avez le droit d\u2019acc\u00e9der, de rectifier ou de supprimer vos donn\u00e9es personnelles en nous contactant \u00e0 l\u2019adresse e-mail fournie ci-dessous. Nous prenons toutes les mesures n\u00e9cessaires pour assurer la s\u00e9curit\u00e9 de vos donn\u00e9es personnelles et pr\u00e9venir tout acc\u00e8s non autoris\u00e9.<\/p><p>7. Gestion des cookies<\/p><p>Ce site utilise des cookies pour am\u00e9liorer votre exp\u00e9rience utilisateur. Les cookies sont de petits fichiers texte stock\u00e9s sur votre appareil lorsque vous visitez notre site. Ils nous aident \u00e0 comprendre comment vous utilisez notre site et \u00e0 personnaliser votre exp\u00e9rience.<\/p><p>En utilisant ce site, vous consentez \u00e0 l&rsquo;utilisation des cookies conform\u00e9ment \u00e0 notre politique de cookies. Vous pouvez g\u00e9rer vos pr\u00e9f\u00e9rences en mati\u00e8re de cookies et choisir d&rsquo;accepter ou de refuser certains types de cookies via un plugin de gestion des cookies disponible sur notre site. Ce plugin vous permet de :<\/p><ul><li>Accepter ou refuser les cookies non essentiels.<\/li><li>Effacer les cookies d\u00e9j\u00e0 stock\u00e9s sur votre appareil.<\/li><li>Obtenir plus d\u2019informations sur les cookies utilis\u00e9s et leur finalit\u00e9.<\/li><\/ul><p>\u00a0<\/p><p>Mentions l\u00e9gales<\/p><p>Nom de l\u2019entreprise : REACH WEB MARKETING<br \/>Si\u00e8ge social : Solna, Stockholm (Su\u00e9de)<br \/>Adresse e-mail : <a rel=\"noreferrer\">hello@reachwebmarketing.io<\/a><br \/>Directeur : Gue\u00ef Jo\u00ebl<br \/>H\u00e9bergeur du site : O2 SWITCH<br \/>Num\u00e9ro de Siret : 19820421 5175<\/p>\t\t\t\t\t\t\t\t<\/div>\n\t\t\t\t<\/div>\n\t\t\t\t<\/div>\n\t\t\t\t\t<\/div>\n\t\t\t\t<\/div>\n\t\t\t\t<\/div>\n\t\t","protected":false},"excerpt":{"rendered":"<p>Conditions G\u00e9n\u00e9rales d&rsquo;Utilisation 1. Acceptation des conditions d\u2019utilisation En acc\u00e9dant \u00e0 ce site Internet, vous acceptez les pr\u00e9sentes Conditions G\u00e9n\u00e9rales d\u2019Utilisation. Si vous n\u2019\u00eates pas d\u2019accord avec l\u2019une quelconque de ces conditions, nous vous encourageons \u00e0 quitter ce site. 2. Utilisation du site Vous vous engagez \u00e0 utiliser ce site uniquement \u00e0 des fins l\u00e9gales [&hellip;]<\/p>\n","protected":false},"author":1,"featured_media":0,"parent":0,"menu_order":0,"comment_status":"closed","ping_status":"closed","template":"elementor_header_footer","meta":{"footnotes":""},"class_list":["post-4884","page","type-page","status-publish","hentry"],"yoast_head":"<!-- This site is optimized with the Yoast SEO plugin v26.4 - https:\/\/yoast.com\/wordpress\/plugins\/seo\/ -->\n<title>Conditions G\u00e9n\u00e9rales d&#039;Utilisation - Reach Web Marketing<\/title>\n<meta name=\"robots\" content=\"index, follow, max-snippet:-1, max-image-preview:large, max-video-preview:-1\" \/>\n<link rel=\"canonical\" href=\"https:\/\/www.reachwebmarketing.io\/fr\/conditions-generales-dutilisation\/\" \/>\n<meta property=\"og:locale\" content=\"fr_FR\" \/>\n<meta property=\"og:type\" content=\"article\" \/>\n<meta property=\"og:title\" content=\"Conditions G\u00e9n\u00e9rales d&#039;Utilisation - Reach Web Marketing\" \/>\n<meta property=\"og:description\" content=\"Conditions G\u00e9n\u00e9rales d&rsquo;Utilisation 1. Acceptation des conditions d\u2019utilisation En acc\u00e9dant \u00e0 ce site Internet, vous acceptez les pr\u00e9sentes Conditions G\u00e9n\u00e9rales d\u2019Utilisation. Si vous n\u2019\u00eates pas d\u2019accord avec l\u2019une quelconque de ces conditions, nous vous encourageons \u00e0 quitter ce site. 2. Utilisation du site Vous vous engagez \u00e0 utiliser ce site uniquement \u00e0 des fins l\u00e9gales [&hellip;]\" \/>\n<meta property=\"og:url\" content=\"https:\/\/www.reachwebmarketing.io\/fr\/conditions-generales-dutilisation\/\" \/>\n<meta property=\"og:site_name\" content=\"Reach Web Marketing\" \/>\n<meta property=\"article:modified_time\" content=\"2025-09-26T08:26:40+00:00\" \/>\n<meta name=\"twitter:card\" content=\"summary_large_image\" \/>\n<meta name=\"twitter:label1\" content=\"Dur\u00e9e de lecture estim\u00e9e\" \/>\n\t<meta name=\"twitter:data1\" content=\"2 minutes\" \/>\n<script type=\"application\/ld+json\" class=\"yoast-schema-graph\">{\"@context\":\"https:\/\/schema.org\",\"@graph\":[{\"@type\":\"WebPage\",\"@id\":\"https:\/\/www.reachwebmarketing.io\/conditions-generales-dutilisation\/\",\"url\":\"https:\/\/www.reachwebmarketing.io\/conditions-generales-dutilisation\/\",\"name\":\"Conditions G\u00e9n\u00e9rales d'Utilisation - Reach Web Marketing\",\"isPartOf\":{\"@id\":\"https:\/\/www.reachwebmarketing.io\/#website\"},\"datePublished\":\"2024-05-29T08:02:11+00:00\",\"dateModified\":\"2025-09-26T08:26:40+00:00\",\"breadcrumb\":{\"@id\":\"https:\/\/www.reachwebmarketing.io\/conditions-generales-dutilisation\/#breadcrumb\"},\"inLanguage\":\"fr-FR\",\"potentialAction\":[{\"@type\":\"ReadAction\",\"target\":[\"https:\/\/www.reachwebmarketing.io\/conditions-generales-dutilisation\/\"]}]},{\"@type\":\"BreadcrumbList\",\"@id\":\"https:\/\/www.reachwebmarketing.io\/conditions-generales-dutilisation\/#breadcrumb\",\"itemListElement\":[{\"@type\":\"ListItem\",\"position\":1,\"name\":\"Accueil\",\"item\":\"https:\/\/www.reachwebmarketing.io\/\"},{\"@type\":\"ListItem\",\"position\":2,\"name\":\"Conditions G\u00e9n\u00e9rales d&rsquo;Utilisation\"}]},{\"@type\":\"WebSite\",\"@id\":\"https:\/\/www.reachwebmarketing.io\/#website\",\"url\":\"https:\/\/www.reachwebmarketing.io\/\",\"name\":\"Reach Web Marketing\",\"description\":\"Agence de marketing digital \u2013 Ads, SEO, Apps, Plateforme &amp; Branding pour booster votre croissance\",\"potentialAction\":[{\"@type\":\"SearchAction\",\"target\":{\"@type\":\"EntryPoint\",\"urlTemplate\":\"https:\/\/www.reachwebmarketing.io\/?s={search_term_string}\"},\"query-input\":{\"@type\":\"PropertyValueSpecification\",\"valueRequired\":true,\"valueName\":\"search_term_string\"}}],\"inLanguage\":\"fr-FR\"}]}<\/script>\n<!-- \/ Yoast SEO plugin. -->","yoast_head_json":{"title":"Conditions G\u00e9n\u00e9rales d'Utilisation - Reach Web Marketing","robots":{"index":"index","follow":"follow","max-snippet":"max-snippet:-1","max-image-preview":"max-image-preview:large","max-video-preview":"max-video-preview:-1"},"canonical":"https:\/\/www.reachwebmarketing.io\/fr\/conditions-generales-dutilisation\/","og_locale":"fr_FR","og_type":"article","og_title":"Conditions G\u00e9n\u00e9rales d'Utilisation - Reach Web Marketing","og_description":"Conditions G\u00e9n\u00e9rales d&rsquo;Utilisation 1. Acceptation des conditions d\u2019utilisation En acc\u00e9dant \u00e0 ce site Internet, vous acceptez les pr\u00e9sentes Conditions G\u00e9n\u00e9rales d\u2019Utilisation. Si vous n\u2019\u00eates pas d\u2019accord avec l\u2019une quelconque de ces conditions, nous vous encourageons \u00e0 quitter ce site. 2. Utilisation du site Vous vous engagez \u00e0 utiliser ce site uniquement \u00e0 des fins l\u00e9gales [&hellip;]","og_url":"https:\/\/www.reachwebmarketing.io\/fr\/conditions-generales-dutilisation\/","og_site_name":"Reach Web Marketing","article_modified_time":"2025-09-26T08:26:40+00:00","twitter_card":"summary_large_image","twitter_misc":{"Dur\u00e9e de lecture estim\u00e9e":"2 minutes"},"schema":{"@context":"https:\/\/schema.org","@graph":[{"@type":"WebPage","@id":"https:\/\/www.reachwebmarketing.io\/conditions-generales-dutilisation\/","url":"https:\/\/www.reachwebmarketing.io\/conditions-generales-dutilisation\/","name":"Conditions G\u00e9n\u00e9rales d'Utilisation - Reach Web Marketing","isPartOf":{"@id":"https:\/\/www.reachwebmarketing.io\/#website"},"datePublished":"2024-05-29T08:02:11+00:00","dateModified":"2025-09-26T08:26:40+00:00","breadcrumb":{"@id":"https:\/\/www.reachwebmarketing.io\/conditions-generales-dutilisation\/#breadcrumb"},"inLanguage":"fr-FR","potentialAction":[{"@type":"ReadAction","target":["https:\/\/www.reachwebmarketing.io\/conditions-generales-dutilisation\/"]}]},{"@type":"BreadcrumbList","@id":"https:\/\/www.reachwebmarketing.io\/conditions-generales-dutilisation\/#breadcrumb","itemListElement":[{"@type":"ListItem","position":1,"name":"Accueil","item":"https:\/\/www.reachwebmarketing.io\/"},{"@type":"ListItem","position":2,"name":"Conditions G\u00e9n\u00e9rales d&rsquo;Utilisation"}]},{"@type":"WebSite","@id":"https:\/\/www.reachwebmarketing.io\/#website","url":"https:\/\/www.reachwebmarketing.io\/","name":"Reach Web Marketing","description":"Agence de marketing digital \u2013 Ads, SEO, Apps, Plateforme &amp; Branding pour booster votre croissance","potentialAction":[{"@type":"SearchAction","target":{"@type":"EntryPoint","urlTemplate":"https:\/\/www.reachwebmarketing.io\/?s={search_term_string}"},"query-input":{"@type":"PropertyValueSpecification","valueRequired":true,"valueName":"search_term_string"}}],"inLanguage":"fr-FR"}]}},"_links":{"self":[{"href":"https:\/\/www.reachwebmarketing.io\/fr\/wp-json\/wp\/v2\/pages\/4884","targetHints":{"allow":["GET"]}}],"collection":[{"href":"https:\/\/www.reachwebmarketing.io\/fr\/wp-json\/wp\/v2\/pages"}],"about":[{"href":"https:\/\/www.reachwebmarketing.io\/fr\/wp-json\/wp\/v2\/types\/page"}],"author":[{"embeddable":true,"href":"https:\/\/www.reachwebmarketing.io\/fr\/wp-json\/wp\/v2\/users\/1"}],"replies":[{"embeddable":true,"href":"https:\/\/www.reachwebmarketing.io\/fr\/wp-json\/wp\/v2\/comments?post=4884"}],"version-history":[{"count":3,"href":"https:\/\/www.reachwebmarketing.io\/fr\/wp-json\/wp\/v2\/pages\/4884\/revisions"}],"predecessor-version":[{"id":7008,"href":"https:\/\/www.reachwebmarketing.io\/fr\/wp-json\/wp\/v2\/pages\/4884\/revisions\/7008"}],"wp:attachment":[{"href":"https:\/\/www.reachwebmarketing.io\/fr\/wp-json\/wp\/v2\/media?parent=4884"}],"curies":[{"name":"wp","href":"https:\/\/api.w.org\/{rel}","templated":true}]}}